{"id":817,"date":"2023-10-23T09:27:25","date_gmt":"2023-10-23T09:27:25","guid":{"rendered":"https:\/\/uniting.it\/?page_id=817"},"modified":"2026-01-22T16:01:01","modified_gmt":"2026-01-22T16:01:01","slug":"cookie-policy-2","status":"publish","type":"page","link":"https:\/\/uniting.it\/eng\/cookie-policy-2\/","title":{"rendered":"Cookie Policy"},"content":{"rendered":"<p>Gentile Visitatrice\/Visitatore (di seguito, \u201c<strong>You<\/strong>\u201d o l\u2019\u201c<strong>User<\/strong>\u201d),<\/p>\n\n\n\n<p>questo sito Internet, presente all\u2019url: www.uniting.it (il \u201c<strong>Site<\/strong>\u201d) \u00e8 di titolarit\u00e0 di <strong>Uniting Group Holding S.r.l.<\/strong>, con sede legale in Via Nino Bixio n. 1, 20900, Monza (MB), p. Iva 06737800968 (di seguito, \u201c<strong>Uniting<\/strong>&#8220;, la \u201c<strong>Societ\u00e0<\/strong>\u201d o \u201c<strong>we<\/strong>&#8220;), la quale \u00e8 altres\u00ec Titolare del trattamento dei dati personali raccolti attraverso il Sito. Responsabili del trattamento sono: Colla Studio S.r.l., con sede legale in Via G.Meda, 28 20141 Milano, p.iva 11565360960 e Huware S.r.l., con sede legale in Milano, Viale Coni Zugna n. 71 C.F.\/Partita Iva n. 10147650963.<\/p>\n\n\n\n<p>Questa informativa \u00e8 resa ai sensi dell\u2019art. 13 del Regolamento europeo 2016\/679 del 27 aprile 2016 relativo alla protezione delle persone fisiche con riguardo al trattamento dei dati personali, nonch\u00e9 alla libera circolazione di tali dati (di seguito, il \u201c<strong>Regulation<\/strong>\u201d) e del D. Lgs. 196\/2003 e s.m.i. (di seguito il \u201c<strong>Privacy Code<\/strong>\u201d) ed ai Provvedimenti dell\u2019Autorit\u00e0 Garante per la Protezione dei Dati Personali (di seguito collettivamente la \u201c<strong>Applicable Legislation<\/strong>\u201d).<\/p>\n\n\n\n<p>Uniting tiene nella massima considerazione il diritto alla protezione dei dati personali dei propri Utenti. Poich\u00e9 sul nostro Sito sono utilizzati dei c.d. cookie per diverse finalit\u00e0, con questa informativa vogliamo spiegarti cosa sono i cookie, quali utilizziamo e, dato che attraverso i cookie trattiamo alcuni Tuoi dati personali, come li trattiamo, per quali finalit\u00e0 e quali sono i tuoi diritti.<\/p>\n\n\n\n<p>Applicable law states that we may store cookies on your device if they are strictly necessary for the operation of this Site. For all other types of cookies we need Your permission. You can change or revoke your consent at any time via the Preferences Panel on the Site.<\/p>\n\n\n\n<p>For any information regarding this Cookie Policy, Users may contact us at any time by writing to the following e-mail address: <a href=\"mailto:privacy@uniting.it\">privacy@uniting.it<\/a>.<\/p>\n\n\n\n<p>La Societ\u00e0 non ha individuato la figura del Responsabile della protezione dei dati (c.d. \u201cRPD\u201d o \u201cDPO\u201d), in quanto non \u00e8 soggetta all\u2019obbligo di designazione previsto dall\u2019art. 37 del Regolamento.<\/p>\n\n\n\n<h3 class=\"wp-block-heading\">What cookies are and what they are used for<\/h3>\n\n\n\n<p>I cookie sono piccoli file di testo che i siti visitati dall\u2019Utente inviano al suo terminale (solitamente al browser), dove vengono memorizzati per essere poi ritrasmessi dagli stessi siti alla successiva visita del medesimo utente (c.d. \u201ccookie di prima parte\u201d). Nel corso della navigazione su un sito, l\u2019Utente pu\u00f2 poi ricevere sul suo terminale anche cookie di siti web o web server diversi (c.d. \u201ccookie di terze parti\u201d); ci\u00f2 accade perch\u00e9 sul sito web visitato possono essere presenti elementi come, ad esempio, immagini, mappe, suoni, specifici link a pagine web di altri domini che risiedono su server diversi da quello sul quale si trova la pagina richiesta. In altre parole, sono quei cookie che vengono impostati da un sito web diverso da quello che si sta attualmente visitando.<\/p>\n\n\n\n<p>I cookie possono avere una durata limitata ad una singola sessione di navigazione sul browser (c.d. cookie di sessione) e in questo caso si disattivano automaticamente al momento della chiusura del browser da parte dell\u2019Utente, oppure possono avere una scadenza predeterminata e, in tal caso, rimarranno memorizzati nel terminale dell\u2019Utente fino a tale data di scadenza, continuando a raccogliere informazioni nel corso di differenti sessioni di navigazione sul browser (c.d. cookie permanenti).<\/p>\n\n\n\n<p>I cookie sono utilizzati per diverse funzioni. Alcuni sono necessari per consentirti di navigare sul Sito e usufruire delle sue funzionalit\u00e0 e vengono usati, ad esempio, per eseguire autenticazioni informatiche, monitoraggio di sessioni e memorizzazione di informazioni specifiche riguardanti gli utenti che accedono al server (c.d. \u201ccookie tecnici\u201d). Altri sono utilizzati per ottenere informazioni statistiche, in forma aggregata o non, sul numero degli utenti che accedono al Sito e su come il Sito viene utilizzato (c.d. \u201ccookie di monitoraggio o analytics\u201d). Altri, infine, sono utilizzati per creare profili relativi all\u2019Utente al fine di inviare messaggi pubblicitari in linea con le preferenze manifestate dallo stesso nell\u2019ambito della navigazione sulla rete Internet (c.d. \u201c<strong>profiling cookies<\/strong>\u201d).<\/p>\n\n\n\n<p>This Site uses different types of these cookies and some of them are placed by third-party services that appear on our pages.<\/p>\n\n\n\n<h3 class=\"wp-block-heading\">Technical cookies<\/h3>\n\n\n\n<p>Questo Sito utilizza i cosiddetti \u201ccookie tecnici\u201d per permetterne il corretto funzionamento e la sua fruizione: sono quindi utilizzati al solo fine di rendere possibile la tua navigazione sul Sito e consentirti di utilizzarne le funzionalit\u00e0. Si tratta sempre di cookie di prima parte.<\/p>\n\n\n\n<p>Technical cookies do not require your consent, as they are necessary for the operation of the Site and cannot therefore be disabled via the Preferences Panel.&nbsp;<\/p>\n\n\n\n<h3 class=\"wp-block-heading\">Third-party analytical cookies<\/h3>\n\n\n\n<p>Questo sito utilizza i cosiddetti \u201ccookie analitici\u201d realizzati e messi a disposizione da Google Analytics. Google Analytics \u00e8 un servizio di analisi web fornito da Google Ireland Limited (\u201cGoogle\u201d). I dati personali \u201cpseudonimi\u201d degli Utenti del Sito potrebbero essere oggetto di trasferimento da parte di Google in paesi non appartenenti allo Spazio Economico europeo (c.d. SEE) ed in particolare negli Stati Uniti. Maggiori informazioni sono reperibili all\u2019interno delle seguenti risorse messe a disposizione dal fornitore stesso: \u201cRegarding international data transfers in Google Analytics\u201d (di cui al link: <a href=\"https:\/\/support.google.com\/analytics\/answer\/11609059\" target=\"_blank\" rel=\"noreferrer noopener\">https:\/\/support.google.com\/analytics\/answer\/11609059<\/a>) e \u201cSafeguards for international data transfers with Google\u2019s advertising and analytics products\u201d (di cui al link: <a href=\"https:\/\/services.google.com\/fh\/files\/misc\/safeguards_for_international_data_transfers.pdf\" target=\"_blank\" rel=\"noreferrer noopener\">https:\/\/services.google.com\/fh\/files\/misc\/safeguards_for_international_data_transfers.pdf<\/a>). If, therefore, you do not want information about you to be transferred by Google to the United States, do not enable the Site's analytics cookies.<\/p>\n\n\n\n<p>Google utilizza i dati raccolti allo scopo di tracciare ed esaminare l\u2019utilizzo del Sito. Questo ci permette di riconoscere e contare il numero di visitatori e di vedere come i visitatori si muovono nel nostro sito web quando lo usano. Ci\u00f2 avviene per mere analisi statistiche interne di accesso, e ci aiuta a migliorare il funzionamento del nostro sito e semplificarne l\u2019utilizzo, per esempio assicurandoci che gli utenti trovino facilmente quello che stanno cercando. Sono attive tutte le salvaguardie messe a disposizione da Google Analytics 4, che consente di non registrare o archiviare gli indirizzi IP consultabili qui <a href=\"https:\/\/support.google.com\/analytics\/answer\/12017362?hl=it&amp;sjid=3361072151825325113-EU\" target=\"_blank\" rel=\"noreferrer noopener\">Privacy e dati nell&#8217;UE &#8211; Guida di Analytics (google.com)<\/a>.<\/p>\n\n\n\n<p>I cookie analitici possono essere utilizzati solo con il tuo previo consenso, per cui se clicchi sulla \u201cX\u201d oppure \u201crifiuto\u201d nel banner relativo ai cookies, che ti appare nella nostra home page al Tuo primo accesso al Sito, questi cookie non saranno abilitati, senza che la possibilit\u00e0 di visitare il Sito e fruire dei suoi contenuti sia in qualsiasi modo compromessa. In ogni caso, puoi sempre modificare le Tue preferenze cliccando sul Pannello delle Preferenze.<\/p>\n\n\n\n<p>Per questo motivo, quando accedi al Sito viene visualizzato in evidenza un apposito banner, che ti informa che sul Sito sono utilizzati dei cookie analitici di terze parti e che cliccando sulla \u201cX\u201d oppure su \u201crifiuto\u201d o chiudendo il banner, rifiuti l\u2019uso di tali cookie. Terremo traccia della Tua preferenza attraverso un apposito cookie tecnico. In questo modo, eviteremo di farti visualizzare il banner sui cookie nel corso delle tue successive visite al Sito, a meno che non modifichi successivamente la Tua preferenza oppure elimini questo cookie tecnico dal tuo browser.<\/p>\n\n\n\n<h3 class=\"wp-block-heading\">Opzioni circa l\u2019uso dei cookie da parte del sito mediante le impostazioni del browser<\/h3>\n\n\n\n<p>Oltre che cliccando sul Pannello delle Preferenze, l\u2019erogazione di tutti i cookie, inclusi quelli tecnici, \u00e8 comunque disattivabile intervenendo sulle impostazioni del Suo browser. \u00c8 opportuno evidenziare, tuttavia, come intervenire su queste impostazioni potrebbe rendere inutilizzabile il sito nel caso in cui si bloccassero i cookie indispensabili per il suo corretto funzionamento. Ad ogni modo, ogni browser dispone di impostazioni diverse per la disattivazione dei cookie, che ti invitiamo a consultare.<\/p>\n\n\n\n<h3 class=\"wp-block-heading\">Modalit\u00e0 di trattamento, base giuridica e tempi di conservazione dei dati<\/h3>\n\n\n\n<p>Come evidenziato nella premessa di questa informativa, \u00e8 possibile che la Societ\u00e0 raccolga e tratti alcuni tuoi dati personali attraverso i cookie che essa veicola sul Sito, direttamente o attraverso terze parti.<\/p>\n\n\n\n<p>La base giuridica del trattamento \u00e8, a seconda dei casi, il legittimo interesse della societ\u00e0 (ad esempio per quanto riguarda i cookie tecnici, al corretto funzionamento e ad una migliore fruibilit\u00e0 del sito) o il tuo preventivo consenso (per quanto riguarda i cookie analitici), che potrai sempre revocare in modo semplice attraverso il Pannello delle Preferenze del Sito. Il mancato consenso non comporta alcuna conseguenza nell\u2019uso del Sito.<\/p>\n\n\n\n<p>Tratteremo i Tuoi dati solo con strumenti elettronici, in maniera totalmente automatizzata e senza intermediazione umana. Pertanto, i nostri dipendenti o collaboratori non accederanno mai al contenuto dei tuoi dati personali ottenuti attraverso i cookie, il che significa che non saranno mai in grado di accedere a e \/ o avere PII (Personally Identifiable Information), cio\u00e8 informazioni da cui sar\u00e0 possibile identificarti direttamente. I dati personali potrebbero essere memorizzati nei server gestiti da soggetti terzi (es. fornitori di sistemi informatici).<\/p>\n\n\n\n<p>Your personal data will not be disseminated in any way.<\/p>\n\n\n\n<p>I tuoi dati personali, raccolti a mezzo dei cookie tecnici saranno conservati per i tempi strettamente necessari ad espletare le finalit\u00e0 primarie illustrate nella presente informativa, o comunque secondo quanto necessario per la tutela dei diritti sia degli interessi sia degli Utenti che della Societ\u00e0.<\/p>\n\n\n\n<p>As regards the duration of the cookies themselves, including third-party cookies, and the retention periods of the data collected by the third parties, please refer to the following table:<\/p>\n\n\n\n<p><\/p>\n\n\n\n<figure class=\"wp-block-table\"><table><tbody><tr><td>Name<\/td><td>Supplier<\/td><td>Purpose<\/td><td>Deadline<\/td><td>Category (First Part, Third Part)<\/td><\/tr><tr><td>_ga<\/td><td>Google Analytics<\/td><td>Archiving and counting page views <\/td><td>Years<\/td><td>Third Part<\/td><\/tr><tr><td>_ga_*<\/td><td>Google Analytics<\/td><td>Archiving and counting page views <\/td><td>Years<\/td><td>Third Part<\/td><\/tr><\/tbody><\/table><\/figure>\n\n\n\n<button id=\"ck-reset\">Modifica preferenze cookie<\/button>\n\n\n\n<div style=\"height:40px\" aria-hidden=\"true\" class=\"wp-block-spacer\"><\/div>\n\n\n\n<h3 class=\"wp-block-heading\">Transfers of personal data to a third country<\/h3>\n\n\n\n<p>Ti informiamo che, nel rispetto delle garanzie stabilite dal Regolamento, i tuoi dati potrebbero essere trasferiti in Paesi non appartenenti allo Spazio Economico Europeo (cd. SEE). Laddove la Societ\u00e0 agisca come titolare del trattamento procederemo nella gestione di tali trasferimenti con le dovute garanzie di salvaguardia in conformit\u00e0 alla Normativa Applicabile e, in particolare, agli artt. 45 (Trasferimento sulla base di una decisione di adeguatezza) e 46 (Trasferimento soggetto a garanzie adeguate) del Regolamento.<\/p>\n\n\n\n<h3 class=\"wp-block-heading\">Your rights<\/h3>\n\n\n\n<p>The Regulation gives you the following rights in relation to your data:<\/p>\n\n\n\n<ol class=\"wp-block-list\">\n<li>the right to withdraw consent at any time if the processing is based on your consent;<br><\/li>\n\n\n\n<li>the right of access to personal data;<br><\/li>\n\n\n\n<li>il diritto alla portabilit\u00e0 dei dati (diritto di ricevere tutti i dati personali che li riguardano in un formato strutturato, di uso comune e leggibile da dispositivo automatico), se il trattamento \u00e8 basato sul consenso o su un contratto; il diritto alla limitazione del trattamento, il diritto alla rettifica e il diritto alla cancellazione dei dati trattati, laddove applicabile (\u201cdiritto all\u2019oblio\u201d);<br><\/li>\n\n\n\n<li>il diritto di opporti, in tutto o in parte, per motivi legittimi, al trattamento dei tuoi dati personali, ancorch\u00e9 pertinenti allo scopo della raccolta, incluso l\u2019utilizzo dei tuoi dati mediante decisioni automatizzate, compresa la profilazione.<br><\/li>\n\n\n\n<li>qualora ritenessi che il trattamento violi il Regolamento, il diritto di proporre reclamo a un\u2019Autorit\u00e0 di controllo. L\u2019Autorit\u00e0 di controllo italiana \u00e8 il Garante per la protezione dei dati personali, con sede in Piazza Venezia, n. 11, 00186 \u2013 Roma (RM) (<a href=\"http:\/\/www.garanteprivacy.it\/\" target=\"_blank\" rel=\"noreferrer noopener\">http:\/\/www.garanteprivacy.it\/<\/a>).<br><\/li>\n<\/ol>\n\n\n\n<p>Puoi esercitare i tuoi diritti inviandoci un\u2019e-mail al seguente indirizzo: <a href=\"mailto:privacy@uniting.it\">privacy@uniting.it<\/a>. Riscontreremo la Tua richiesta entro un mese dalla sua ricezione, a meno che ci\u00f2 non pregiudichi i diritti e le libert\u00e0 di altri soggetti (ad esempio la riservatezza di un&#8217;altra persona o i diritti di propriet\u00e0 intellettuale) oppure qualora vi siano obblighi di legge che ce lo impediscano. Ti informeremo nel caso in cui non riuscissimo a soddisfare la Tua richiesta per tali ragioni.<\/p>\n\n\n\n<p>Grazie per aver letto quest\u2019informativa che abbiamo cercato di rendere chiara e trasparente. Ad ogni modo,&nbsp; nel caso tu avessi dei suggerimenti scrivici pure all\u2019indirizzo e-mail sopra indicato.<br><br><br><\/p>\n\n\n\n<p>La Societ\u00e0 non \u00e8 responsabile per l\u2019aggiornamento di tutti i link visualizzabili nella presente Cookie Policy, pertanto ogni qualvolta un link non sia funzionante e\/o aggiornato, gli Utenti riconoscono ed accettano che dovranno sempre far riferimento al documento e\/o sezione dei siti internet richiamati da tale link.<\/p>\n\n\n\n<p><strong>Last update: 23 ottobre, 2023<\/strong><\/p>","protected":false},"excerpt":{"rendered":"<p>Gentile Visitatrice\/Visitatore (di seguito, \u201cTu\u201d o l\u2019\u201cUtente\u201d), questo sito Internet, presente all\u2019url: www.uniting.it (il \u201cSito\u201d) \u00e8 di titolarit\u00e0 di Uniting Group Holding S.r.l., con sede legale in Via Nino Bixio n. 1, 20900, Monza (MB), p. Iva 06737800968 (di seguito, \u201cUniting&#8220;, la \u201cSociet\u00e0\u201d o \u201cnoi&#8220;), la quale \u00e8 altres\u00ec Titolare del trattamento dei dati personali [&hellip;]<\/p>\n","protected":false},"author":1,"featured_media":0,"parent":0,"menu_order":0,"comment_status":"closed","ping_status":"closed","template":"","meta":{"content-type":"","om_disable_all_campaigns":false,"footnotes":""},"class_list":["post-817","page","type-page","status-publish","hentry"],"acf":[],"_links":{"self":[{"href":"https:\/\/uniting.it\/eng\/wp-json\/wp\/v2\/pages\/817","targetHints":{"allow":["GET"]}}],"collection":[{"href":"https:\/\/uniting.it\/eng\/wp-json\/wp\/v2\/pages"}],"about":[{"href":"https:\/\/uniting.it\/eng\/wp-json\/wp\/v2\/types\/page"}],"author":[{"embeddable":true,"href":"https:\/\/uniting.it\/eng\/wp-json\/wp\/v2\/users\/1"}],"replies":[{"embeddable":true,"href":"https:\/\/uniting.it\/eng\/wp-json\/wp\/v2\/comments?post=817"}],"version-history":[{"count":6,"href":"https:\/\/uniting.it\/eng\/wp-json\/wp\/v2\/pages\/817\/revisions"}],"predecessor-version":[{"id":4666,"href":"https:\/\/uniting.it\/eng\/wp-json\/wp\/v2\/pages\/817\/revisions\/4666"}],"wp:attachment":[{"href":"https:\/\/uniting.it\/eng\/wp-json\/wp\/v2\/media?parent=817"}],"curies":[{"name":"wp","href":"https:\/\/api.w.org\/{rel}","templated":true}]}}