{"id":3854,"date":"2024-05-16T15:36:11","date_gmt":"2024-05-16T15:36:11","guid":{"rendered":"https:\/\/uniting.it\/?page_id=3854"},"modified":"2024-05-17T15:12:52","modified_gmt":"2024-05-17T15:12:52","slug":"candidatura-spontanea","status":"publish","type":"page","link":"https:\/\/uniting.it\/eng\/candidatura-spontanea\/","title":{"rendered":"Candidatura spontanea"},"content":{"rendered":"<div class=\"wp-block-columns is-layout-flex wp-container-core-columns-is-layout-9d6595d7 wp-block-columns-is-layout-flex\" id=\"form-push-container\">\n<div class=\"wp-block-column is-layout-flow wp-block-column-is-layout-flow\">\n<figure class=\"wp-block-image size-full is-resized\"><img loading=\"lazy\" decoding=\"async\" width=\"2027\" height=\"1454\" src=\"https:\/\/uniting.it\/wp-content\/uploads\/2024\/05\/Uniters-151-1.jpg\" alt=\"\" class=\"wp-image-3763\" style=\"width:416px;height:auto\"\/><\/figure>\n<\/div>\n\n\n\n<div class=\"wp-block-column is-layout-flow wp-block-column-is-layout-flow\">\n<h1 class=\"wp-block-heading\">Join Uniting Culture!<\/h1>\n\n\n\n<h3 class=\"wp-block-heading\">Siamo sempre alla ricerca di nuovi professionisti, non perdere tempo e mandaci il tuo cv con una breve descrizione di te!<\/h3>\n\n\n\n<div class=\"wpcf7 no-js\" id=\"wpcf7-f3855-o1\" lang=\"en-US\" dir=\"ltr\" data-wpcf7-id=\"3855\">\n<div class=\"screen-reader-response\"><p role=\"status\" aria-live=\"polite\" aria-atomic=\"true\"><\/p> <ul><\/ul><\/div>\n<form action=\"\/eng\/wp-json\/wp\/v2\/pages\/3854#wpcf7-f3855-o1\" method=\"post\" class=\"wpcf7-form init\" aria-label=\"Contact form\" enctype=\"multipart\/form-data\" novalidate=\"novalidate\" data-status=\"init\" data-trp-original-action=\"\/eng\/wp-json\/wp\/v2\/pages\/3854#wpcf7-f3855-o1\">\n<fieldset class=\"hidden-fields-container\"><input type=\"hidden\" name=\"_wpcf7\" value=\"3855\" \/><input type=\"hidden\" name=\"_wpcf7_version\" value=\"6.1.5\" \/><input type=\"hidden\" name=\"_wpcf7_locale\" value=\"en_US\" \/><input type=\"hidden\" name=\"_wpcf7_unit_tag\" value=\"wpcf7-f3855-o1\" \/><input type=\"hidden\" name=\"_wpcf7_container_post\" value=\"0\" \/><input type=\"hidden\" name=\"_wpcf7_posted_data_hash\" value=\"\" \/>\n<\/fieldset>\n<body link=\"white\" alink=\"white\" vlink=\"white\">\n\t<div class=\"form__item\">\n\t\t<p><label for=\"first-name\" class=\"form__label\">First Name*<\/label><br \/>\n<span class=\"wpcf7-form-control-wrap\" data-name=\"first-name\"><input size=\"40\" maxlength=\"400\" class=\"wpcf7-form-control wpcf7-text wpcf7-validates-as-required form__input\" id=\"first-name\" aria-required=\"true\" aria-invalid=\"false\" placeholder=\"Marco\" value=\"\" type=\"text\" name=\"first-name\" \/><\/span>\n\t\t<\/p>\n\t<\/div>\n\t<div class=\"form__item\">\n\t\t<p><label for=\"last-name\" class=\"form__label\">Last Name*<\/label><br \/>\n<span class=\"wpcf7-form-control-wrap\" data-name=\"last-name\"><input size=\"40\" maxlength=\"400\" class=\"wpcf7-form-control wpcf7-text wpcf7-validates-as-required form__input\" id=\"last-name\" aria-required=\"true\" aria-invalid=\"false\" placeholder=\"Rossi\" value=\"\" type=\"text\" name=\"last-name\" \/><\/span>\n\t\t<\/p>\n\t<\/div>\n\t<div class=\"form__item\">\n\t\t<p><label for=\"form-email\" class=\"form__label\">Email*<\/label><br \/>\n<span class=\"wpcf7-form-control-wrap\" data-name=\"form-email\"><input size=\"40\" maxlength=\"400\" class=\"wpcf7-form-control wpcf7-email wpcf7-validates-as-required wpcf7-text wpcf7-validates-as-email form__input\" id=\"form-email\" aria-required=\"true\" aria-invalid=\"false\" placeholder=\"marcorossi@mail.it\" value=\"\" type=\"email\" name=\"form-email\" \/><\/span>\n\t\t<\/p>\n\t<\/div>\n\t<div class=\"form__item\">\n\t\t<p><label for=\"form-tel\" class=\"form__label\">Telefono*<\/label><br \/>\n<span class=\"wpcf7-form-control-wrap\" data-name=\"form-tel\"><input size=\"40\" maxlength=\"400\" class=\"wpcf7-form-control wpcf7-tel wpcf7-validates-as-required wpcf7-text wpcf7-validates-as-tel form__input\" id=\"tel\" aria-required=\"true\" aria-invalid=\"false\" placeholder=\"30000000000\" value=\"\" type=\"tel\" name=\"form-tel\" \/><\/span>\n\t\t<\/p>\n\t<\/div>\n\t<div class=\"form__item\">\n\t\t<p><label for=\"job-title\" class=\"form__label\">Job Title<\/label><br \/>\n<span class=\"wpcf7-form-control-wrap\" data-name=\"job-title\"><input size=\"40\" maxlength=\"400\" class=\"wpcf7-form-control wpcf7-text form__input\" id=\"job-title\" aria-invalid=\"false\" placeholder=\"Graphic designer\" value=\"\" type=\"text\" name=\"job-title\" \/><\/span>\n\t\t<\/p>\n\t<\/div>\n\t<div class=\"form__item attach-row\">\n\t\t<p><label class=\"form__label\">Portfolio\/CV*<\/label><br \/>\n<span class=\"wpcf7-form-control-wrap\" data-name=\"PortfolioCV\"><input size=\"40\" class=\"wpcf7-form-control wpcf7-file\" accept=\".pdf,.doc,.jpeg,.png,.jpg\" aria-invalid=\"false\" type=\"file\" name=\"PortfolioCV\" \/><\/span>\n\t\t<\/p>\n\t<\/div>\n\t<div class=\"form__item\">\n\t\t<p><label for=\"job-ruolo\" class=\"form__label\">Profile<\/label><br \/>\n<span class=\"wpcf7-form-control-wrap\" data-name=\"job-ruolo\"><input size=\"40\" maxlength=\"400\" class=\"wpcf7-form-control wpcf7-text form__input\" id=\"job-ruolo\" aria-invalid=\"false\" placeholder=\"Linkedin \/ Behance \/ Online portfolio\" value=\"\" type=\"text\" name=\"job-ruolo\" \/><\/span>\n\t\t<\/p>\n\t<\/div>\n\t<div class=\"form__item\">\n\t\t<p><label for=\"job-message\" class=\"form__label\">Message*<\/label><br \/>\n<span class=\"wpcf7-form-control-wrap\" data-name=\"job-message\"><textarea cols=\"40\" rows=\"10\" maxlength=\"2000\" class=\"wpcf7-form-control wpcf7-textarea wpcf7-validates-as-required form__input\" id=\"job-message\" aria-required=\"true\" aria-invalid=\"false\" placeholder=\"Write here your questions\" name=\"job-message\"><\/textarea><\/span>\n\t\t<\/p>\n\t<\/div>\n\t<div class=\"form__privacy\">\n\t\t<p><span class=\"wpcf7-form-control-wrap\" data-name=\"form-acceptance-1\"><span class=\"wpcf7-form-control wpcf7-acceptance\"><span class=\"wpcf7-list-item\"><label><input type=\"checkbox\" name=\"form-acceptance-1\" value=\"1\" class=\"privacy-label-check\" id=\"check-input-1\" aria-invalid=\"false\" \/><span class=\"wpcf7-list-item-label\"><span class=\"privacy-label-label\">I declare to have read the <a href=\"\/eng\/privacy-policy\/\" target=\"_blank\">Privacy Policy<\/a> per il trattamento dei miei dati personali da parte di Uniting Group Holding S.r.l. SB<\/span><\/span><\/label><\/span><\/span><\/span>\n\t\t<\/p>\n\t<\/div>\n\t<div class=\"form__privacy\">\n\t\t<p><span class=\"wpcf7-form-control-wrap\" data-name=\"form-acceptance-2\"><span class=\"wpcf7-form-control wpcf7-acceptance optional\"><span class=\"wpcf7-list-item\"><label><input type=\"checkbox\" name=\"form-acceptance-2\" value=\"1\" class=\"privacy-label-check-2\" id=\"check-input-2\" aria-invalid=\"false\" \/><span class=\"wpcf7-list-item-label\"><span class=\"privacy-label-label\">Having read the \n                <a href=\"\/eng\/privacy-policy\/\" target=\"_blank\">Privacy Policy<\/a> acconsento al trattamento dei miei dati per la ricezione della newsletter relativa a promozioni, eventi ed altre iniziative del Gruppo Uniting. \n                Puoi annullare l'iscrizione in qualsiasi momento cliccando sul link \u201ccancellami\u201d presente in ogni e-mail o scrivendo a \n                <a href=\"mailto:privacy@uniting.it\">privacy@uniting.it<\/a>.<\/span><\/span><\/label><\/span><\/span><\/span>\n\t\t<\/p>\n\t<\/div>\n\t<div class=\"hidden-captcha\">\n\t\t<p><span class=\"wpcf7-form-control-wrap\" data-name=\"acceptance-captcha\"><span class=\"wpcf7-form-control wpcf7-acceptance\"><span class=\"wpcf7-list-item\"><label><input type=\"checkbox\" name=\"acceptance-captcha\" value=\"1\" class=\"hidden-captcha\" aria-invalid=\"false\" \/><span class=\"wpcf7-list-item-label\"><div class=\"g-recaptcha\" data-callback=\"enableBtn\" data-sitekey=\"6LcipC0pAAAAAAQ0uaVHLB89KRmGqbdUi6tqgD8s\"><\/div><\/span><\/label><\/span><\/span><\/span>\n\t\t<\/p>\n\t<\/div>\n\t<div class=\"form__actions\">\n\t\t<p><input class=\"wpcf7-form-control wpcf7-submit has-spinner form__btn btn\" id=\"submitformbtn\" type=\"submit\" value=\"INVIA candidatura\" \/>\n\t\t<\/p>\n\t<\/div>\n<\/body><p style=\"display: none !important;\" class=\"akismet-fields-container\" data-prefix=\"_wpcf7_ak_\"><label>&#916;<textarea name=\"_wpcf7_ak_hp_textarea\" cols=\"45\" rows=\"8\" maxlength=\"100\"><\/textarea><\/label><input type=\"hidden\" id=\"ak_js_1\" name=\"_wpcf7_ak_js\" value=\"243\"\/><script>document.getElementById( \"ak_js_1\" ).setAttribute( \"value\", ( new Date() ).getTime() );<\/script><\/p><div class=\"wpcf7-response-output\" aria-hidden=\"true\"><\/div>\n<input type=\"hidden\" name=\"trp-form-language\" value=\"eng\"\/><\/form>\n<\/div>\n\n<\/div>\n<\/div>\n\n\n\n<div style=\"height:80px\" aria-hidden=\"true\" class=\"wp-block-spacer\"><\/div>\n\n\n<div class=\"lazyblock-wrap-project-b6Pwh wp-block-lazyblock-wrap-project\"><div class=\"wrap wrap--history wrap--black\">\r\n    <div class=\"container\">\r\n        <div class=\"lazyblock-inner-blocks\">\n\n<div class=\"wp-block-columns is-layout-flex wp-container-core-columns-is-layout-9d6595d7 wp-block-columns-is-layout-flex\">\n<div class=\"wp-block-column is-layout-flow wp-block-column-is-layout-flow\">\n<h2 class=\"wp-block-heading\">Scopri l&#8217;agenzia<\/h2>\n<\/div>\n\n\n\n<div class=\"wp-block-column is-layout-flow wp-block-column-is-layout-flow\">\n<p>Uniting \u00e8 un gruppo formato da 5 Unit (ALL, KIWI, FLU, aBit, Freshhh) che si sono distinte nel campo del marketing e della comunicazione, ognuna con la propria specializzazione unica.&nbsp; Uniting \u00e8 un Ecosistema Collaborativo che abilita la trasformazione coniugando competenze verticali, strategia, creativit\u00e0, innovazione e co-creando esperienze di marca immersive con un forte impegno verso la sostenibilit\u00e0 economica, sociale, ambientale.<\/p>\n<\/div>\n<\/div>\n\n<\/div>\r\n    <\/div>\r\n<\/div><\/div>\n\n<div class=\"lazyblock-wrap-project-1xq0Tn wp-block-lazyblock-wrap-project\"><div class=\"wrap wrap--history wrap--black\">\r\n    <div class=\"container\">\r\n        <div class=\"lazyblock-inner-blocks\">\n\n<div class=\"wp-block-columns is-layout-flex wp-container-core-columns-is-layout-9d6595d7 wp-block-columns-is-layout-flex\">\n<div class=\"wp-block-column is-layout-flow wp-block-column-is-layout-flow\">\n<h2 class=\"wp-block-heading\"><strong>Cosa cerchiamo<\/strong><\/h2>\n<\/div>\n\n\n\n<div class=\"wp-block-column is-layout-flow wp-block-column-is-layout-flow\">\n<p>Siamo sempre alla ricerca di nuovi professionisti, non perdere tempo e mandaci il tuo cv con una breve descrizione di te!<\/p>\n<\/div>\n<\/div>\n\n<\/div>\r\n    <\/div>\r\n<\/div><\/div>\n\n<div class=\"lazyblock-wrap-project-2wrzvO wp-block-lazyblock-wrap-project\"><div class=\"wrap wrap--history wrap--black\">\r\n    <div class=\"container\">\r\n        <div class=\"lazyblock-inner-blocks\">\n\n<div class=\"wp-block-columns is-layout-flex wp-container-core-columns-is-layout-9d6595d7 wp-block-columns-is-layout-flex\">\n<div class=\"wp-block-column is-layout-flow wp-block-column-is-layout-flow\">\n<h2 class=\"wp-block-heading\"><strong><strong>Cosa ti aspetta in UNITING<\/strong><\/strong><\/h2>\n<\/div>\n\n\n\n<div class=\"wp-block-column is-layout-flow wp-block-column-is-layout-flow\">\n<ol class=\"wp-block-list\">\n<li>\ud83d\udcbb Orario flessibile e smartworking 3 giorni a settimana<\/li>\n\n\n\n<li>\ud83c\udfc4 Agosto \u00e8 full remote<\/li>\n\n\n\n<li>\ud83c\udf7d\ufe0f Ticket buoni pasto giornalieri<\/li>\n\n\n\n<li>\ud83c\udfe5 Welfare annuale<\/li>\n\n\n\n<li>\ud83e\udde0 Convenzione psicologo con Unobravo<\/li>\n\n\n\n<li>\ud83d\ude8b Convenzione ATM Trasporti<\/li>\n\n\n\n<li>\ud83d\udc50 Creiamo la community insieme: porta un talento in Uniting e ricevi un bonus!<\/li>\n\n\n\n<li>\ud83c\udf89 Conosci gli altri Uniters agli eventi aziendali di gruppo: Offsite, Convention e non solo!<\/li>\n\n\n\n<li>\ud83c\udf08 Ambiente smart e collaborativo in cui potersi sentire a proprio agio, lavorare e imparare dagli altri<\/li>\n\n\n\n<li>\ud83d\udc59No dress code&nbsp;<\/li>\n\n\n\n<li>\ud83d\udcda Formazione personalizzata e continua, basata sulla contaminazione e ibridazione tra le 5 Unit<\/li>\n\n\n\n<li>\ud83d\udc6c Potrai fare volontariato durante l\u2019orario lavorativo!<\/li>\n<\/ol>\n<\/div>\n<\/div>\n\n<\/div>\r\n    <\/div>\r\n<\/div><\/div>\n\n\n<div style=\"height:80px\" aria-hidden=\"true\" class=\"wp-block-spacer\"><\/div>\n\n\n\n<h2 class=\"wp-block-heading has-text-align-center\"><strong>Mandaci subito il tuo cv!<\/strong><\/h2>\n\n\n\n<script>\n\/\/document.querySelector('.wrap.wrap--subs.wrap--yellow').style.display = 'none';\n\/\/ Select the div with the specific class\nconst div = document.querySelector('.wrap.wrap--page.wrap--under-header');\n\/\/ Check if the div exists to avoid errors\nif (div) {\n    \/\/ Add the 'push-page' class to the div\n    div.classList.add('push-page');\n document.body.classList.add('push-page');\n\n} else {\n    console.log('The div was not found.');\n}\n<\/script>","protected":false},"excerpt":{"rendered":"<p>Vuoi unirti alla Cultura Uniting? Siamo sempre alla ricerca di nuovi professionisti, non perdere tempo e mandaci il tuo cv con una breve descrizione di te! Mandaci subito il tuo cv!<\/p>","protected":false},"author":3,"featured_media":0,"parent":0,"menu_order":0,"comment_status":"closed","ping_status":"closed","template":"","meta":{"content-type":"","om_disable_all_campaigns":false,"footnotes":""},"class_list":["post-3854","page","type-page","status-publish","hentry"],"acf":[],"_links":{"self":[{"href":"https:\/\/uniting.it\/eng\/wp-json\/wp\/v2\/pages\/3854","targetHints":{"allow":["GET"]}}],"collection":[{"href":"https:\/\/uniting.it\/eng\/wp-json\/wp\/v2\/pages"}],"about":[{"href":"https:\/\/uniting.it\/eng\/wp-json\/wp\/v2\/types\/page"}],"author":[{"embeddable":true,"href":"https:\/\/uniting.it\/eng\/wp-json\/wp\/v2\/users\/3"}],"replies":[{"embeddable":true,"href":"https:\/\/uniting.it\/eng\/wp-json\/wp\/v2\/comments?post=3854"}],"version-history":[{"count":0,"href":"https:\/\/uniting.it\/eng\/wp-json\/wp\/v2\/pages\/3854\/revisions"}],"wp:attachment":[{"href":"https:\/\/uniting.it\/eng\/wp-json\/wp\/v2\/media?parent=3854"}],"curies":[{"name":"wp","href":"https:\/\/api.w.org\/{rel}","templated":true}]}}