{"id":3,"date":"2023-10-12T08:47:17","date_gmt":"2023-10-12T08:47:17","guid":{"rendered":"https:\/\/uniting.it\/?page_id=3"},"modified":"2024-10-16T12:09:28","modified_gmt":"2024-10-16T12:09:28","slug":"privacy-policy","status":"publish","type":"page","link":"https:\/\/uniting.it\/eng\/privacy-policy\/","title":{"rendered":"Privacy Policy"},"content":{"rendered":"<h3 class=\"wp-block-heading\">Benvenuto sul sito web di Uniting Group Holding S.r.l. presente all\u2019url www.uniting.it (il \u201cSito\u201d).<\/h3>\n\n\n\n<p><strong>Uniting Holding Group S.r.l.<\/strong> \u00e8 cosciente dell\u2019importanza de dati personali dei propri utenti ed intende<br>therefore inform you and provide you with as much control as possible over the management of information of a personal nature<br>collected through its Site.<\/p>\n\n\n\n<p>We kindly ask you to carefully read this <strong>Privacy Policy<\/strong> che si applica ad ogni accesso al Sito, anche indipendentemente dall\u2019inserimento dei Tuoi dati nelle sezioni dedicate.<\/p>\n\n\n\n<p>Questa informativa \u00e8 resa in conformit\u00e0 al Regolamento europeo n. 2016\/679 relativo alla protezione delle persone fisiche con riguardo al trattamento dei dati personali, nonch\u00e9 alla libera circolazione di tali dati (il \u201c<strong>Regulation<\/strong>\u201d) nonch\u00e9 al D.lgs. n. 196\/03 e s.m.i. (il \u201c<strong>Personal Data Protection Code<\/strong>\u201d) ed ai Provvedimenti dell\u2019Autorit\u00e0 Garante per la Protezione dei Dati Personali (di seguito collettivamente la \u201c<strong>Applicable Legislation<\/strong>\u201d). La Normativa Applicabile garantisce che il trattamento dei dati personali si svolga nel rispetto dei diritti e delle libert\u00e0 fondamentali, nonch\u00e9 della dignit\u00e0 dell&#8217;interessato (Tu), con particolare riferimento alla riservatezza, all&#8217;identit\u00e0 personale e al diritto alla protezione dei dati personali.<\/p>\n\n\n\n<h3 class=\"wp-block-heading\">1. Data controller and data processors<\/h3>\n\n\n\n<p><strong>Uniting Group Holding S.r.l.<\/strong>, con sede legale in Via Nino Bixio n. 1, 20900, Monza (MB), p. Iva 06737800968&nbsp; (di seguito, \u201c<strong>Uniting<\/strong>&#8220;, la \u201c<strong>Societ\u00e0<\/strong>\u201d o il &#8220;<strong>Data Controller<\/strong>&#8220;) \u00e8 <strong>Data Controller<\/strong> dei dati personali degli utenti che navigano sul Sito, come i dati di navigazione, i dati eventualmente trattati, con il consenso dell\u2019utente, per finalit\u00e0 di marketing ed in generale dei dati comunicati dall\u2019utente attraverso il Sito (ad esempio attraverso il modulo contatti o per candidarsi a posizioni lavorative).<\/p>\n\n\n\n<p>Responsabili del trattamento dei dati trattati attraverso il Sito sono la societ\u00e0 Colla studio S.r.l. con sede legale in Milano, Via Giuseppe Meda, 28, iscritta nel Registro delle Imprese di Milano Monza Brianza, nr REA MI \u2013 2611070, p.iva 11565360960 e Huware S.r.l. con sede legale in Milano, Viale Coni Zugna n. 71 C.F.\/Partita Iva n. 10147650963, n. iscrizione al Registro delle imprese di Milano 2509657.&nbsp;<\/p>\n\n\n\n<p>Inoltre, con riferimento ai dati di \u201crecruiting\u201d forniti dall\u2019utente ai fini della candidatura alle posizioni lavorative presenti sul Sito Responsabile del trattamento \u00e8 altres\u00ec la societ\u00e0 HireHive Ltd, Republic of Work, 12 South Mall, T12 RD43, Cork (Irlanda).<br>Alcuni dati personali possono infine essere trattati da Uniting, in qualit\u00e0 di Responsabile del Trattamento per conto di All S.r.l., Kiwi Digital S.r.l. e Flu S.r.l., societ\u00e0 facenti parte del Gruppo Uniting, come ad esempio i dati personali comunicati dall\u2019utente per candidarsi alle posizioni lavorative presenti nel Sito aperte dalle predette Societ\u00e0, quali Titolari del Trattamento o i dati trattati per finalit\u00e0 di marketing e commerciali.<\/p>\n\n\n\n<p>I trattamenti effettuati dalla Societ\u00e0 saranno improntati ai principi di liceit\u00e0, correttezza, trasparenza, limitazione delle finalit\u00e0 e della conservazione, minimizzazione dei dati, esattezza, integrit\u00e0 e riservatezza. Specifiche misure di sicurezza adeguate a proteggere l\u2019integrit\u00e0, la disponibilit\u00e0 e la riservatezza dei Tuoi dati personali sono adottate in conformit\u00e0 alla Normativa Applicabile e alle pratiche di settore.<\/p>\n\n\n\n<p>For any information regarding this Privacy Policy, you may contact us at any time by writing to the following e-mail address: <a href=\"mailto:privacy@uniting.it\">privacy@uniting.it<\/a>.<\/p>\n\n\n\n<p>La Societ\u00e0 non ha individuato la figura del Responsabile della protezione dei dati (c.d. \u201cRPD\u201d o \u201cDPO\u201d), in quanto non \u00e8 soggetta all\u2019obbligo di designazione previsto dall\u2019art. 37 del Regolamento.<\/p>\n\n\n\n<h3 class=\"wp-block-heading\">2. When and how we collect Your Personal Data<\/h3>\n\n\n\n<p>Non appena interagisci con il nostro Sito iniziamo a raccogliere Dati. La loro raccolta pu\u00f2 avvenire sia mediante la tua specifica comunicazione, sia con modalit\u00e0 automatica durante l\u2019utilizzo del Sito.<\/p>\n\n\n\n<p>Here's how the collection happens:<\/p>\n\n\n\n<figure class=\"wp-block-table\"><table><tbody><tr><td><\/td><td class=\"has-text-align-center\" data-align=\"center\"><strong>Data you communicate to us<\/strong><\/td><td class=\"has-text-align-center\" data-align=\"center\"><strong>Data we collect independently<\/strong><\/td><\/tr><tr><td>Browsing the Website<\/td><td class=\"has-text-align-center\" data-align=\"center\"><\/td><td class=\"has-text-align-center\" data-align=\"center\">X<\/td><\/tr><tr><td>Modulo \u201cContatti\u201d (ad es. i dati identificativi e di contatto e gli altri dati che inserisci per inviarci un messaggio, una business enquire o una richiesta di informazioni)<\/td><td class=\"has-text-align-center\" data-align=\"center\">X<\/td><td class=\"has-text-align-center\" data-align=\"center\"><\/td><\/tr><tr><td>Recruitment<\/td><td class=\"has-text-align-center\" data-align=\"center\">X<\/td><td class=\"has-text-align-center\" data-align=\"center\"><\/td><\/tr><tr><td>Comunicazioni di marketing e commerciali (dati identificativi e di contatto)<\/td><td class=\"has-text-align-center\" data-align=\"center\">X<br>(solo previo Tuo espresso consenso o, se hai partecipato o hai manifestato interesse per un\u2019iniziativa, evento o servizio del Gruppo Uniting, sulla base del nostro legittimo interesse a proporti servizi, iniziative ed eventi analoghi in considerazione dell\u2019interesse che hai manifestato)<\/td><td class=\"has-text-align-center\" data-align=\"center\"><\/td><\/tr><\/tbody><\/table><\/figure>\n\n\n\n<figure class=\"wp-block-table\"><table class=\"has-fixed-layout\"><tbody><tr><td><br><\/td><td><strong>Data you communicate to us<\/strong><\/td><td><strong>Data we collect independently<\/strong><\/td><\/tr><tr><td>Browsing the Website<\/td><td><br><\/td><td>X<\/td><\/tr><tr><td>Modulo \u201cContatti\u201d (ad es. i dati identificativi e di contatto e gli altri dati che inserisci per inviarci un messaggio, una business enquire o una richiesta di informazioni)<\/td><td>X<\/td><td><br><\/td><\/tr><tr><td>Recruitment<\/td><td>X<\/td><td><br><\/td><\/tr><tr><td>Comunicazioni di marketing e commerciali (dati identificativi e di contatto)<\/td><td>X<br>(solo previo Tuo espresso consenso o, se hai partecipato o hai manifestato interesse per un\u2019iniziativa, evento o servizio del Gruppo Uniting, sulla base del nostro legittimo interesse a proporti servizi, iniziative ed eventi analoghi in considerazione dell\u2019interesse che hai manifestato)<\/td><td><br><\/td><\/tr><\/tbody><\/table><\/figure>\n\n\n\n<p>Here's how the collection happens:<\/p>\n\n\n\n<h3 class=\"wp-block-heading\">3. Tipologia di Dati che trattiamo, per quali finalit\u00e0 e quale base giuridica ci consente di farlo<\/h3>\n\n\n\n<p>Attraverso il Sito vengono raccolti e trattati differenti tipologie di dati personali per diverse finalit\u00e0. Possiamo trattare i Tuoi dati solo per determinate finalit\u00e0 e, comunque, sempre in presenza di una base giuridica che ci permetta di farlo.&nbsp; Pi\u00f9 precisamente possiamo trattare:<\/p>\n\n\n\n<h4 class=\"wp-block-heading\">a) DATI DI NAVIGAZIONE<\/h4>\n\n\n\n<p>Sono dati personali la cui trasmissione \u00e8 implicita nell\u2019uso dei protocolli di comunicazione della rete Internet.<\/p>\n\n\n\n<p>Si tratta d\u2019informazioni che non sono raccolte per essere associate a interessati identificati, ma che per loro stessa natura potrebbero, attraverso elaborazioni ed associazioni con dati detenuti da terzi, permettere di identificare gli utenti. Si tratta ad esempio degli indirizzi IP o dei nomi a dominio dei computer che utilizzi per&nbsp; connetterti al sito, gli indirizzi in notazione URI (Uniform Resource Identifier) delle risorse richieste, l\u2019orario della richiesta, il metodo utilizzato nel sottoporre la richiesta al server, la dimensione del file ottenuto in risposta, il codice numerico indicante lo stato della risposta data dal server (buon fine, errore, ecc.) ed altri parametri relativi al sistema operativo e all\u2019ambiente informatico dell\u2019utente;<\/p>\n\n\n\n<p><strong>Finalit\u00e0<\/strong>: utilizziamo questi dati ai soli fini di consentire il corretto funzionamento del Sito, ricavare informazioni statistiche anonime sull\u2019uso del Sito per controllarne il corretto funzionamento. I dati potrebbero essere utilizzati per l\u2019accertamento di responsabilit\u00e0 in caso di ipotetici reati informatici ai danni del sito. Salva questa eventualit\u00e0, allo stato i dati di navigazione sul Sito vengono conservati per un periodo non superiore a quanto necessario per consentire la stessa ed in ogni caso per non&nbsp; pi\u00f9 di sette giorni.<\/p>\n\n\n\n<p><strong>Legal basis<\/strong>: il trattamento \u00e8 fondato sul legittimo interesse di Uniting a garantire il corretto funzionamento in sicurezza del Sito sia dell\u2019utente medesimo a navigare correttamente sul Sito.<\/p>\n\n\n\n<p>Puoi saperne di pi\u00f9 consultando la nostra <a href=\"https:\/\/uniting.it\/eng\/cookie-policy-2\/\" target=\"_blank\" rel=\"noreferrer noopener\">Cookie Policy here.<\/a><\/p>\n\n\n\n<h4 class=\"wp-block-heading\">b) DATI CHE CI FORNISCI VOLONTARIAMENTE PER EFFETTUARE UNA RICHIESTA ATTRAVERSO IL SITO<\/h4>\n\n\n\n<p>Sono i dati personali (ad esempio, il Tuo nome, cognome, il Tuo indirizzo e-mail, il Tuo numero di telefono, la Tua funzione aziendale) che inserisci nei moduli \u201ccontatti\u201d presenti nel Sito o ancora quelli che ci fornisci con altra modalit\u00e0, ad esempio inviandoci un\u2019e-mail ad uno degli indirizzi indicati sul Sito.&nbsp;<\/p>\n\n\n\n<p><strong>Finalit\u00e0<\/strong>: trattiamo questi dati per riscontrare le Tue richieste e offrirti l\u2019assistenza e le informazioni da Te richieste.<\/p>\n\n\n\n<p><strong>Legal basis<\/strong>: il trattamento \u00e8 fondato sia sul legittimo interesse della Societ\u00e0 a fornire l\u2019assistenza e le informazioni richieste attraverso i servizi del Sito, sia dell\u2019utente di usufruire dei servizi presenti sul Sito e ricevere riscontri ai propri quesiti.<\/p>\n\n\n\n<p>Ti precisiamo, inoltre, che, sulla base del principio dell\u2019interesse legittimo, in considerazione dell\u2019interesse&nbsp;eventualmente&nbsp;da te manifestato per&nbsp;le iniziative,&nbsp;gli eventi o i servizi del Gruppo Uniting,&nbsp;potremo saltuariamente contattarti tramite e-mail al fine di proporti&nbsp;servizi,&nbsp;eventi o altre iniziative analoghi a quelli&nbsp;per cui hai manifestato interesse. Sulla base della Normativa Applicabile, questa tipologia di contatto (c.d. \u201csoft spam\u201d) non necessita del conferimento del consenso. Naturalmente, potrai sempre, in qualsiasi momento, chiedere l\u2019interruzione del trattamento inviando un\u2019e-mail a&nbsp;<a href=\"mailto:privacy@uniting.it\">privacy@uniting.it<\/a>&nbsp;e provvederemo&nbsp;senza ritardo.<\/p>\n\n\n\n<h4 class=\"wp-block-heading\">c) DATI DI RECRUITMENT CHE CI FORNISCI VOLONTARIAMENTE PER PROPORRE LA TUA CANDIDATURA<\/h4>\n\n\n\n<p>Si tratta dati personali forniti volontariamente dall\u2019utente per proporre la propria candidatura spontanea attraverso il modulo \u201ccontatti\u201d o in risposta ad una posizione aperta sul Sito. In tal caso, Uniting potr\u00e0 conoscere i dati anagrafici, i dati di contatto e ogni altra informazione da Te comunicata, anche attraverso l\u2019invio del Tuo curriculum vitae.<\/p>\n\n\n\n<p>In merito al trattamento di tali dati personali Ti invitiamo a prendere visione, prima di inoltrare la Tua candidatura, dell\u2019<a href=\"https:\/\/uniting.it\/eng\/informativa-privacy\/\">Privacy Policy<\/a>\u00a0dedicated to candidates present in the appropriate sections of the Site.<\/p>\n\n\n\n<h4 class=\"wp-block-heading\">d) DATI IDENTIFICATIVI E DI CONTATTO FINALIT\u00c0 DI MARKETING<\/h4>\n\n\n\n<p>Solo con il Tuo previo consenso, potremo trattare i Tuoi dati di contatto (e-mail) e gli eventuali tuoi dati identificativi per inviarti (tramite strumenti telematici, quale l\u2019e-mail) la nostra newsletter periodica o&nbsp;informazioni ed aggiornamenti sui nostri servizi, sugli eventi ed altre iniziative promosse dal Gruppo Uniting.<\/p>\n\n\n\n<p><strong>Finalit\u00e0<\/strong>: il trattamento \u00e8 in questo caso effettuato per finalit\u00e0 di marketing.<\/p>\n\n\n\n<p><strong>Legal basis<\/strong>:&nbsp;il trattamento \u00e8 fondato sul Tuo previo consenso.<\/p>\n\n\n\n<p>You can change your mind whenever you want!<\/p>\n\n\n\n<p>Puoi revocare il Tuo consenso in ogni momento, inviandoci un\u2019e-mail al seguente indirizzo:&nbsp;<a href=\"mailto:privacy@uniting.it\">privacy@uniting.it<\/a>, oppure cliccando sull\u2019apposito link di cancellazione inserito nelle e-mail che ricevi.<\/p>\n\n\n\n<p>Se decidi di revocare il Tuo consenso e non ci sono altre basi giuridiche che ci autorizzano a trattare i Tuoi dati personali, cesseremo il trattamento, restando salvi i trattamenti effettuati anteriormente alla Tua revoca. Invece, qualora un\u2019altra base giuridica ci autorizzasse, continueremmo il trattamento rispettando sempre i Tuoi diritti.<\/p>\n\n\n\n<h3 class=\"wp-block-heading\">4. How We Process Your Data<\/h3>\n\n\n\n<p>I dati personali raccolti tramite il Sito vengono trattati con modalit\u00e0 e strumenti prevalentemente informatici e telematici, adottando le misure di sicurezza adeguate a mantenerne l\u2019integrit\u00e0, disponibilit\u00e0 e riservatezza in conformit\u00e0 alla Normativa Applicabile e ad apposite disposizioni interne di cui ci siamo dotati, onde ridurre al minimo i rischi di distruzione o di perdita, anche accidentale, dei dati stessi, di accesso non autorizzato o di trattamento non consentito o non conforme alle finalit\u00e0 di raccolta indicate nella presente Privacy Policy. Tuttavia, tali misure, per la natura del mezzo di trasmissione online, non possono limitare o escludere in assoluto qualsiasi rischio di accesso non consentito o di dispersione dei dati. A tal fine, si consiglia di verificare periodicamente che il computer sia dotato di dispositivi software adeguati alla protezione della trasmissione in rete di dati, sia in entrata sia in uscita (come sistemi antivirus aggiornati) e che il fornitore di servizi Internet abbia adottato misure idonee per la sicurezza della trasmissione di dati in rete (come, ad esempio, firewall e filtri antispamming).<\/p>\n\n\n\n<h3 class=\"wp-block-heading\">5. Mandatory or optional nature of providing data<\/h3>\n\n\n\n<p>Fatta eccezione per i dati di navigazione (punto 3 a) il cui conferimento e la cui raccolta sono regolati dalla Cookie Policy, il conferimento dei dati personali raccolti attraverso il Sito per far fronte a richieste degli utenti, ivi inclusa la proposizione della propria candidatura (punti 3 b) e 3 c), come anche il conferimento dei propri dati per finalit\u00e0 marketing (punto 3 d), \u00e8 del tutto libero, facoltativo ed opzionale. Il mancato conferimento non limita quindi l\u2019utilizzo del Sito, ma senza non potremo naturalmente evadere le Tue richieste o inviarti la newsletter.<\/p>\n\n\n\n<h3 class=\"wp-block-heading\">6. Categories of recipients of personal data<\/h3>\n\n\n\n<p>La Societ\u00e0 comunica i dati personali degli utenti del Sito unicamente entro i limiti consentiti dalla legge e conformemente a quanto qui di seguito indicato. I dati personali dell\u2019utente saranno trattati e conosciuti da: (i) dipendenti, collaboratori e consulenti della Societ\u00e0, che agiscono in qualit\u00e0 di soggetti autorizzati al trattamento ed a ci\u00f2 istruiti dal Titolare; (ii)&nbsp;altre societ\u00e0 del Gruppo Uniting, per le finalit\u00e0 qui indicate per cui la Societ\u00e0 agisce quale responsabile del trattamento; (iii)&nbsp;societ\u00e0 che svolgono per Uniting, in qualit\u00e0 di responsabili del trattamento debitamente nominati, specifici servizi tecnici ed organizzativi connessi al Sito o altri servizi strumentali all\u2019attivit\u00e0 della Societ\u00e0, istituti bancari e assicurativi, societ\u00e0 di recupero crediti, studi legali e notarili. Inoltre, i dati potranno essere comunicati a forze di polizia o all\u2019autorit\u00e0 giudiziaria, in conformit\u00e0 alla legge e previa richiesta formale da parte di tali soggetti, oppure nel caso in cui vi siano fondate ragioni per ritenere che la comunicazione di tali dati&nbsp;sia ragionevolmente necessaria per (1) investigare, prevenire o assumere iniziative relative a sospette attivit\u00e0 illecite o assistere le autorit\u00e0 statali di controllo e di vigilanza; (2) difendersi contro qualsiasi reclamo o accusa da parte di terzi, o proteggere la sicurezza del proprio sito web e dell\u2019azienda; ovvero (3) esercitare o proteggere i diritti, la propriet\u00e0 o la sicurezza della Societ\u00e0, dei suoi affiliati, dei suoi clienti, dei suoi dipendenti o di qualsiasi altro soggetto.<\/p>\n\n\n\n<p>I Tuoi dati potranno essere comunicati ai soggetti indicati anche all\u2019esterno, in paesi appartenenti allo Spazio Economico Europeo (\u201cSEE\u201d) o, ove non appartenenti al SEE, garantendo adeguate garanzie per la tutela e la salvaguardia dei Tuoi dati nel rispetto della Normativa Applicabile. I Tuoi Dati non saranno in alcun modo diffusi.<\/p>\n\n\n\n<h3 class=\"wp-block-heading\">7. How long we will keep Your Data<\/h3>\n\n\n\n<p>Cesseremo il trattamento attivo dei Tuoi dati entro sei mesi dall\u2019ultimo utilizzo del servizio, salvo eventuali obblighi di legge non ci impongano di conservarli per un tempo superiore. Per le attivit\u00e0 promozionali e commerciali a cui hai eventualmente prestato il consenso o basate sul legittimo interesse che potrai sempre chiederci di interrompere, conserveremo i Tuoi Dati per un tempo massimo di 24 mesi, rispettivamente, dal Tuo consenso o dal conferimento dei Tuoi dati.<\/p>\n\n\n\n<p>I dati trattati a seguito della proposizione della propria candidatura spontanea o inerente a singole posizioni lavorative aperte sul Sito, verranno invece conservati per il periodo necessario per valutare la candidatura per la posizione prescelta dal candidato ovvero per altre posizioni ad essa affini, in ogni caso non superiore a 12 mesi dal conferimento o eventuale aggiornamento. Durante questo periodo di tempo, la Societ\u00e0 potrebbe ricontattare il candidato ove si aprisse una posizione adatta al profilo del candidato medesimo.<\/p>\n\n\n\n<h3 class=\"wp-block-heading\">8. Your Rights<\/h3>\n\n\n\n<p>The Regulations give you numerous rights over Your data, and in particular:<\/p>\n\n\n\n<h4 class=\"wp-block-heading\">YOU HAVE THE RIGHT TO ACCESS INFORMATION ABOUT YOURSELF.<\/h4>\n\n\n\n<p>Ci\u00f2 comporta il diritto di chiederci ulteriori informazioni riguardo a: le categorie di dati che trattiamo; le finalit\u00e0 del trattamento; le categorie di eventuali destinatari a cui i dati potrebbero essere comunicati; il periodo di conservazione dei dati o, in mancanza, i criteri per determinare tale periodo; gli altri diritti riguardanti l\u2019utilizzo dei Tuoi dati.<\/p>\n\n\n\n<h4 class=\"wp-block-heading\">YOU HAVE THE RIGHT TO RECTIFICATION OF YOUR DATA, IF INACCURATE OR OUTDATED<\/h4>\n\n\n\n<h4 class=\"wp-block-heading\">HAI IL DIRITTO DI RICHIEDERE LA LIMITAZIONE O LA CANCELLAZIONE DEI TUOI DATI PERSONALI (DIRITTO ALL\u2019OBLIO)<\/h4>\n\n\n\n<p>Potrai, in ogni momento, chiederci di cancellare i tuoi dati personali in nostro possesso, nel caso in cui la conservazione dei tuoi dati personali non fosse pi\u00f9 necessaria per le finalit\u00e0 del trattamento o negli altri casi previsti dal Regolamento (art. 17). Procederemo alla cancellazione\u00a0nei casi previsti dalla Normativa Applicabile\u00a0laddove non vi sia un\u2019altra base giuridica che legittima il trattamento, come ad esempio l\u2019adempimento di un obbligo di legge.<\/p>\n\n\n\n<h4 class=\"wp-block-heading\">HAI IL DIRITTO DI \u201cRIPRENDERTI\u201d I TUOI DATI O DI TRASFERIRLI AD UN ALTRO OPERATORE (PORTABILIT\u00c0 DEI DATI)<\/h4>\n\n\n\n<p>Nel caso in cui il trattamento dei Tuoi Dati sia fondato sul Tuo consenso o su un contratto, hai il diritto di richiedere i dati conferiti in un formato interoperabile o di richiedere che vengano direttamente trasferiti ad un altro operatore. In caso di una Tua richiesta e se tecnicamente possibile, provvederemo\u00a0a trasferire direttamente i dati al nuovo operatore. Non procederemo ad alcun trasferimento, nel caso in cui la portabilit\u00e0 dei Tuoi Dati comporti anche la diffusione dei dati personali di altri individui.<\/p>\n\n\n\n<h4 class=\"wp-block-heading\">HAI IL DIRITTO DI OPPORTI, IN DETERMINATI CASI, AL TRATTAMENTO DEI TUOI DATI PERSONALI (AD ESEMPIO PER FINALIT\u00c0 DI MARKETING DIRETTO QUANDO \u00c8 BASATO SUL LEGITTIMO INTERESSE O IN CASO DI PROFILAZIONE)<\/h4>\n\n\n\n<p>Inoltre, puoi rivolgerti all\u2019Autorit\u00e0 di controllo per proporre reclamo. L\u2019Autorit\u00e0 di controllo italiana \u00e8 il Garante per la protezione dei dati personali, con sede in Piazza Venezia, n. 11, 00186 \u2013 Roma (RM) (<a href=\"http:\/\/www.garanteprivacy.it\/\">http:\/\/www.garanteprivacy.it<\/a>\/).<\/p>\n\n\n\n<p>Prima di fare ci\u00f2, contattaci pure! Saremo lieti di risolvere ogni eventuale richiesta relativa al trattamento dei Tuoi dati personali.<\/p>\n\n\n\n<p>Puoi esercitare i tuoi diritti inviandoci un\u2019e-mail al seguente indirizzo:&nbsp;<a href=\"mailto:privacy@uniting.it\">privacy@uniting.it<\/a>. Riscontreremo la Tua richiesta entro un mese dalla sua ricezione, a meno che ci\u00f2 non pregiudichi i diritti e le libert\u00e0 di altri soggetti (ad esempio la riservatezza di un\u2019altra persona o i diritti di propriet\u00e0 intellettuale) oppure qualora vi siano obblighi di legge che ce lo impediscano. Ti informeremo nel caso in cui non riuscissimo a soddisfare la Tua richiesta per tali ragioni.<\/p>\n\n\n\n<p>Grazie per aver letto quest\u2019informativa che abbiamo cercato di rendere chiara e trasparente. Ad ogni modo, nel caso tu avessi dei suggerimenti scrivici pure&nbsp;<a href=\"mailto:privacy@uniting.it\">privacy@uniting.it<\/a>.<\/p>\n\n\n\n<p>Questa informativa potr\u00e0 cambiare in futuro, ti preghiamo quindi di ricontrollarla periodicamente!<\/p>\n\n\n\n<p><strong>Ultimo aggiornamento:&nbsp;<\/strong><strong>ottobre<\/strong><strong>&nbsp;2024<\/strong><\/p>","protected":false},"excerpt":{"rendered":"<p>Benvenuto sul sito web di Uniting Group Holding S.r.l. presente all\u2019url www.uniting.it (il \u201cSito\u201d). Uniting Holding Group S.r.l. \u00e8 cosciente dell\u2019importanza de dati personali dei propri utenti ed intendepertanto informarti e fornirti il massimo controllo possibile sulla gestione delle informazioni di caratterepersonale raccolte tramite il proprio Sito. Ti preghiamo di leggere attentamente questa Privacy Policy [&hellip;]<\/p>\n","protected":false},"author":1,"featured_media":0,"parent":0,"menu_order":0,"comment_status":"closed","ping_status":"open","template":"","meta":{"content-type":"","om_disable_all_campaigns":false,"footnotes":""},"class_list":["post-3","page","type-page","status-publish","hentry"],"acf":[],"_links":{"self":[{"href":"https:\/\/uniting.it\/eng\/wp-json\/wp\/v2\/pages\/3","targetHints":{"allow":["GET"]}}],"collection":[{"href":"https:\/\/uniting.it\/eng\/wp-json\/wp\/v2\/pages"}],"about":[{"href":"https:\/\/uniting.it\/eng\/wp-json\/wp\/v2\/types\/page"}],"author":[{"embeddable":true,"href":"https:\/\/uniting.it\/eng\/wp-json\/wp\/v2\/users\/1"}],"replies":[{"embeddable":true,"href":"https:\/\/uniting.it\/eng\/wp-json\/wp\/v2\/comments?post=3"}],"version-history":[{"count":30,"href":"https:\/\/uniting.it\/eng\/wp-json\/wp\/v2\/pages\/3\/revisions"}],"predecessor-version":[{"id":2010,"href":"https:\/\/uniting.it\/eng\/wp-json\/wp\/v2\/pages\/3\/revisions\/2010"}],"wp:attachment":[{"href":"https:\/\/uniting.it\/eng\/wp-json\/wp\/v2\/media?parent=3"}],"curies":[{"name":"wp","href":"https:\/\/api.w.org\/{rel}","templated":true}]}}